{"id":2437,"date":"2018-08-31T10:52:37","date_gmt":"2018-08-31T08:52:37","guid":{"rendered":"http:\/\/as-schraubtechnik.de\/wordpress\/?page_id=2437"},"modified":"2018-08-31T10:52:37","modified_gmt":"2018-08-31T08:52:37","slug":"schraubfallanalyse","status":"publish","type":"page","link":"https:\/\/as-schraubtechnik.de\/wordpress\/schraubfallanalyse\/","title":{"rendered":"Schraubfallanalyse"},"content":{"rendered":"<p>F\u00fcr Verschraubungen bei komplexe Instandhaltungen, individuelle Einzelf\u00e4lle oder Parametrierung und Programmierung von Schraubcontrollern aller Hersteller stehen wir Ihnen mit unserer Erfahrung zur Verf\u00fcgung. Jeder Schraubfall wird individuell von unseren Experten beurteilt, um ihn in eine der Schraubfallklassen einordnen zu k\u00f6nnen. Hierzu werden die Schraubf\u00e4lle in die Klassen A, B und C eingeteilt \u2013 und zwar nach dem Risiko beim Versagen sowie nach der M\u00f6glichkeit, etwaige Fehlverschraubungen in der Montage zu erkennen und zu vermeiden:<\/p>\n<ul>\n<li>A-Klasse-Schraubf\u00e4lle: Risiko f\u00fcr Leib und Leben sowie Umwelt<\/li>\n<li>B-Klasse-Schraubf\u00e4lle: Risiko f\u00fcr Funktionsausfall (\u201eLiegenbleiber\u201c)<\/li>\n<li>C-Klasse-Schraubf\u00e4lle: Nicht Aoder B-Klasse.<\/li>\n<\/ul>\n<p>F\u00fcr Schraubf\u00e4lle, die als A- oder B-Schraubfall klassifiziert sind, sind beispielsweise noch zus\u00e4tzliche \u00dcberwachungsfunktionen Pflicht. Somit beraten wir sie komplett, von Schraubfall bis hin zu evnetuellen \u00dcberwachungsfunktionen.<\/p>\n<p>In unserem internen Pr\u00fcflabor k\u00f6nnen wir eine Schraubenanalyse jeglicher Art mittels programmierbarer Schrauber und Druckluftsensoren f\u00fcr Sie ausarbeiten. Sie w\u00fcnschen eine Schraubfallberatung au\u00dfer Haus direkt an der Linie? Wir analysieren und l\u00f6sen Ihr Problem unmittelbar vor Ort nach ihrem Bed\u00fcrfnissen und auf den<\/p>\n","protected":false},"excerpt":{"rendered":"<p>F\u00fcr Verschraubungen bei komplexe Instandhaltungen, individuelle Einzelf\u00e4lle oder Parametrierung und Programmierung von Schraubcontrollern aller Hersteller stehen wir Ihnen mit unserer Erfahrung zur Verf\u00fcgung. Jeder Schraubfall wird individuell von unseren Experten beurteilt, um ihn in eine der Schraubfallklassen einordnen zu k\u00f6nnen. Hierzu werden die Schraubf\u00e4lle in die Klassen A, B und C eingeteilt \u2013 und zwar [&hellip;]<\/p>\n","protected":false},"author":1,"featured_media":0,"parent":0,"menu_order":0,"comment_status":"closed","ping_status":"closed","template":"","meta":{"footnotes":""},"class_list":["post-2437","page","type-page","status-publish","hentry"],"_links":{"self":[{"href":"https:\/\/as-schraubtechnik.de\/wordpress\/wp-json\/wp\/v2\/pages\/2437","targetHints":{"allow":["GET"]}}],"collection":[{"href":"https:\/\/as-schraubtechnik.de\/wordpress\/wp-json\/wp\/v2\/pages"}],"about":[{"href":"https:\/\/as-schraubtechnik.de\/wordpress\/wp-json\/wp\/v2\/types\/page"}],"author":[{"embeddable":true,"href":"https:\/\/as-schraubtechnik.de\/wordpress\/wp-json\/wp\/v2\/users\/1"}],"replies":[{"embeddable":true,"href":"https:\/\/as-schraubtechnik.de\/wordpress\/wp-json\/wp\/v2\/comments?post=2437"}],"version-history":[{"count":0,"href":"https:\/\/as-schraubtechnik.de\/wordpress\/wp-json\/wp\/v2\/pages\/2437\/revisions"}],"wp:attachment":[{"href":"https:\/\/as-schraubtechnik.de\/wordpress\/wp-json\/wp\/v2\/media?parent=2437"}],"curies":[{"name":"wp","href":"https:\/\/api.w.org\/{rel}","templated":true}]}}